{"id":515,"date":"2013-08-28T14:30:01","date_gmt":"2013-08-28T12:30:01","guid":{"rendered":"http:\/\/procents.lv\/dev\/privatums-un-noteikumi\/"},"modified":"2018-01-18T08:44:05","modified_gmt":"2018-01-18T06:44:05","slug":"politika-konfidencialnosti","status":"publish","type":"page","link":"https:\/\/www.procents.lv\/ru\/politika-konfidencialnosti\/","title":{"rendered":"\u041f\u043e\u043b\u0438\u0442\u0438\u043a\u0430 \u043a\u043e\u043d\u0444\u0438\u0434\u0435\u043d\u0446\u0438\u0430\u043b\u044c\u043d\u043e\u0441\u0442\u0438"},"content":{"rendered":"<h3>Priv\u0101tums<\/h3>\n<ul id=\"privatums\">\n<li>Lapas uzskaitei tiek izmantots Google Analytics, kas atbilst vis\u0101m apmekl\u0113t\u0101ju izseko\u0161anas norm\u0101m un noteikumiem.<\/li>\n<li>Ieg\u016btie dati tiek izmantoti tikai un vien\u012bgi apmekl\u0113t\u0101ju uzskaites nol\u016bkiem. Inform\u0101cija par lietot\u0101jiem netiek nodota tre\u0161\u0101m person\u0101m.<\/li>\n<li>Lapa ir izveidota uz WordPress satura vad\u012bbas sist\u0113mas, kura regul\u0101ri tiek atjaunota, lai nodro\u0161in\u0101t augst\u0101ko dro\u0161\u012bbu.<\/li>\n<li>Regul\u0101ri tiek veikta servera p\u0101rbaude un moderniz\u0101cija, k\u0101 ar\u012b programmat\u016bras atjaunin\u0101\u0161ana.<\/li>\n<li>Resursa apmekl\u0113\u0161ana ir dro\u0161a un aizsarg\u0101ta.<\/li>\n<\/ul>\n<h3>Noteikumi<\/h3>\n<ul id=\"privatums\">\n<li>Resursa materi\u0101lu izmanto\u0161ana komerci\u0101los nol\u016bkos ir aizliegta.<\/li>\n<li>Resursa materi\u0101lu izmanto\u0161ana bez saska\u0146o\u0161anas ar administr\u0101ciju un bez saites uz resursu ir aizliegta.<\/li>\n<li>Automatiz\u0113ti ieg\u016bt datus no port\u0101la ir aizliegts.<\/li>\n<li>Noteikumu neizpild\u012b\u0161anas gad\u012bjum\u0101, mums ir ties\u012bbas aizliegt piek\u013cuvi resursam.<\/li>\n<li>100% resursa darb\u012bba nevar b\u016bt garant\u0113ta.<\/li>\n<li>Visi procents.lv materi\u0101li ir intelektu\u0101ls \u012bpa\u0161ums, uz kuru darbojas visas autorties\u012bbas.<\/li>\n<li>M\u0113s nenesam atbild\u012bbu par zaud\u0113jumiem, kuri var\u0113ja rasties port\u0101la apmekl\u0113\u0161anas laik\u0101.<\/li>\n<li>Apmekl\u0113jot procents.lv, J\u016bs autom\u0101tiski piekr\u012btat visiem noteikumiem un garant\u0113jat, ka neizvirz\u012bsiet nek\u0101das pras\u012bbas pret Procents.Lv un InternetCredit.<\/li>\n<li>Noteikumi var main\u012bties bez br\u012bdin\u0101juma un tie ir sp\u0113k\u0101 uzreiz p\u0113c public\u0113\u0161anas.<\/li>\n<\/ul>\n","protected":false},"excerpt":{"rendered":"<p>Priv\u0101tums Lapas uzskaitei tiek izmantots Google Analytics, kas atbilst vis\u0101m apmekl\u0113t\u0101ju izseko\u0161anas norm\u0101m un noteikumiem. Ieg\u016btie dati tiek izmantoti tikai un vien\u012bgi apmekl\u0113t\u0101ju uzskaites nol\u016bkiem. Inform\u0101cija par lietot\u0101jiem netiek nodota tre\u0161\u0101m person\u0101m. Lapa ir izveidota uz WordPress satura vad\u012bbas sist\u0113mas, kura regul\u0101ri tiek atjaunota, lai nodro\u0161in\u0101t augst\u0101ko dro\u0161\u012bbu. Regul\u0101ri tiek veikta servera p\u0101rbaude un moderniz\u0101cija, [&hellip;]<\/p>\n","protected":false},"author":1,"featured_media":0,"parent":0,"menu_order":0,"comment_status":"open","ping_status":"open","template":"","meta":{"footnotes":""},"class_list":["post-515","page","type-page","status-publish","hentry"],"_links":{"self":[{"href":"https:\/\/www.procents.lv\/ru\/wp-json\/wp\/v2\/pages\/515","targetHints":{"allow":["GET"]}}],"collection":[{"href":"https:\/\/www.procents.lv\/ru\/wp-json\/wp\/v2\/pages"}],"about":[{"href":"https:\/\/www.procents.lv\/ru\/wp-json\/wp\/v2\/types\/page"}],"author":[{"embeddable":true,"href":"https:\/\/www.procents.lv\/ru\/wp-json\/wp\/v2\/users\/1"}],"replies":[{"embeddable":true,"href":"https:\/\/www.procents.lv\/ru\/wp-json\/wp\/v2\/comments?post=515"}],"version-history":[{"count":1,"href":"https:\/\/www.procents.lv\/ru\/wp-json\/wp\/v2\/pages\/515\/revisions"}],"predecessor-version":[{"id":527,"href":"https:\/\/www.procents.lv\/ru\/wp-json\/wp\/v2\/pages\/515\/revisions\/527"}],"wp:attachment":[{"href":"https:\/\/www.procents.lv\/ru\/wp-json\/wp\/v2\/media?parent=515"}],"curies":[{"name":"wp","href":"https:\/\/api.w.org\/{rel}","templated":true}]}}