{"id":516,"date":"2013-08-28T14:50:27","date_gmt":"2013-08-28T12:50:27","guid":{"rendered":"http:\/\/procents.lv\/dev\/par-mums\/"},"modified":"2018-01-18T08:42:27","modified_gmt":"2018-01-18T06:42:27","slug":"o-nas","status":"publish","type":"page","link":"https:\/\/www.procents.lv\/ru\/o-nas\/","title":{"rendered":"\u041e \u043d\u0430\u0441"},"content":{"rendered":"<p>Procents ir port\u0101la InternetCredit (www.ic.lv) meitas resurs. M\u0113s esam profesion\u0101la komanda, kura tiecas p\u0113c t\u0101, lai katrs Latvijas Republikas iedz\u012bvot\u0101js b\u016btu inform\u0113ts par visiem s\u012bkumiem, kas nor\u012bt interneta kred\u012btu un sms kred\u012btu jom\u0101. M\u016bsu uzdevums ir piln\u012bb\u0101 inform\u0113t un pal\u012bdz\u0113t katram cilv\u0113kam, kur\u0161 v\u0113las aiz\u0146emties naudu \u0101tri un dro\u0161i. M\u0113s aizdodam naudu, m\u0113s esam resurs, kas sav\u0101c inform\u0101ciju un pasniedz to lietot\u0101jiem.<\/p>\n<p>Gad\u012bjum\u0101, ja rodas jaut\u0101jumi, rakstiet un m\u0113s uz tiem atbild\u0113sim.<\/p>\n<p>Komp\u0101nija: <span style=\"color: #a23232;\">Internet Credit<\/span><br \/>\nM\u0101jas lapa: <a title=\"Interneta kred\u012bts\" href=\"http:\/\/www.ic.lv\">www.ic.lv<\/a><br \/>\nTelefons: +371 25999075<br \/>\nE-pasts: <script type=\"text\/javascript\">\n\t\t\tdocument.write(\"<a href=\\\"\"); document.write(\"mailto:\"); document.write(\"info@\"); document.write(\"ic.lv\"); document.write(\"\\\">\");\n\t\t\tdocument.write(\"info@\");\n\t\t\tdocument.write(\"ic.lv\");\n\t\t\tdocument.write(\"<\/a>\");\n\t\t\t<\/script><\/p>\n","protected":false},"excerpt":{"rendered":"<p>Procents ir port\u0101la InternetCredit (www.ic.lv) meitas resurs. M\u0113s esam profesion\u0101la komanda, kura tiecas p\u0113c t\u0101, lai katrs Latvijas Republikas iedz\u012bvot\u0101js b\u016btu inform\u0113ts par visiem s\u012bkumiem, kas nor\u012bt interneta kred\u012btu un sms kred\u012btu jom\u0101. M\u016bsu uzdevums ir piln\u012bb\u0101 inform\u0113t un pal\u012bdz\u0113t katram cilv\u0113kam, kur\u0161 v\u0113las aiz\u0146emties naudu \u0101tri un dro\u0161i. M\u0113s aizdodam naudu, m\u0113s esam resurs, [&hellip;]<\/p>\n","protected":false},"author":1,"featured_media":0,"parent":0,"menu_order":0,"comment_status":"open","ping_status":"open","template":"","meta":{"footnotes":""},"class_list":["post-516","page","type-page","status-publish","hentry"],"_links":{"self":[{"href":"https:\/\/www.procents.lv\/ru\/wp-json\/wp\/v2\/pages\/516","targetHints":{"allow":["GET"]}}],"collection":[{"href":"https:\/\/www.procents.lv\/ru\/wp-json\/wp\/v2\/pages"}],"about":[{"href":"https:\/\/www.procents.lv\/ru\/wp-json\/wp\/v2\/types\/page"}],"author":[{"embeddable":true,"href":"https:\/\/www.procents.lv\/ru\/wp-json\/wp\/v2\/users\/1"}],"replies":[{"embeddable":true,"href":"https:\/\/www.procents.lv\/ru\/wp-json\/wp\/v2\/comments?post=516"}],"version-history":[{"count":2,"href":"https:\/\/www.procents.lv\/ru\/wp-json\/wp\/v2\/pages\/516\/revisions"}],"predecessor-version":[{"id":526,"href":"https:\/\/www.procents.lv\/ru\/wp-json\/wp\/v2\/pages\/516\/revisions\/526"}],"wp:attachment":[{"href":"https:\/\/www.procents.lv\/ru\/wp-json\/wp\/v2\/media?parent=516"}],"curies":[{"name":"wp","href":"https:\/\/api.w.org\/{rel}","templated":true}]}}